{"id":66,"date":"2017-06-28T13:23:57","date_gmt":"2017-06-28T11:23:57","guid":{"rendered":"http:\/\/sq9tla.pzk.pl\/?page_id=66"},"modified":"2018-03-15T14:03:44","modified_gmt":"2018-03-15T13:03:44","slug":"o-mnie","status":"publish","type":"page","link":"https:\/\/sq9tla.pzk.pl\/index.php\/o-mnie\/","title":{"rendered":"O mnie"},"content":{"rendered":"<p><img loading=\"lazy\" class=\"size-thumbnail wp-image-202 alignnone\" src=\"http:\/\/sq9tla.pzk.pl\/wp-content\/uploads\/2018\/01\/MG_0006-1-150x150.jpg\" alt=\"\" width=\"150\" height=\"150\" \/> <img loading=\"lazy\" class=\"wp-image-203 size-thumbnail alignnone\" src=\"http:\/\/sq9tla.pzk.pl\/wp-content\/uploads\/2018\/01\/as-150x150.jpg\" alt=\"\" width=\"150\" height=\"150\" \/><\/p>\n<p><strong>Witam.<\/strong><\/p>\n<p>Jestem skromnym, pocz\u0105tkuj\u0105cym kr\u00f3tkofalowcem. Postaram si\u0119 tutaj zamie\u015bci\u0107 kilka informacji, kt\u00f3re mog\u0105 pom\u00f3c pocz\u0105tkuj\u0105cym, przej\u015b\u0107 od etapu nas\u0142uchowca do upragnionej licencji. Je\u017celi poszukujesz informacji o najnowszych produktach firm Icom, Yeasu lub Kenwood to na tych stronach ich nie znajdziesz.<\/p>\n<p style=\"text-align: right;\">73, Adam<\/p>\n<p>&nbsp;<\/p>\n","protected":false},"excerpt":{"rendered":"<p>Witam. Jestem skromnym, pocz\u0105tkuj\u0105cym kr\u00f3tkofalowcem. Postaram si\u0119 tutaj zamie\u015bci\u0107 kilka informacji, kt\u00f3re mog\u0105 pom\u00f3c pocz\u0105tkuj\u0105cym, przej\u015b\u0107 od etapu nas\u0142uchowca do upragnionej licencji. Je\u017celi poszukujesz informacji o najnowszych produktach firm Icom, Yeasu lub Kenwood to na tych stronach ich nie znajdziesz. 73, Adam &nbsp;<\/p>\n","protected":false},"author":1,"featured_media":0,"parent":0,"menu_order":0,"comment_status":"closed","ping_status":"closed","template":"","meta":[],"_links":{"self":[{"href":"https:\/\/sq9tla.pzk.pl\/index.php\/wp-json\/wp\/v2\/pages\/66"}],"collection":[{"href":"https:\/\/sq9tla.pzk.pl\/index.php\/wp-json\/wp\/v2\/pages"}],"about":[{"href":"https:\/\/sq9tla.pzk.pl\/index.php\/wp-json\/wp\/v2\/types\/page"}],"author":[{"embeddable":true,"href":"https:\/\/sq9tla.pzk.pl\/index.php\/wp-json\/wp\/v2\/users\/1"}],"replies":[{"embeddable":true,"href":"https:\/\/sq9tla.pzk.pl\/index.php\/wp-json\/wp\/v2\/comments?post=66"}],"version-history":[{"count":4,"href":"https:\/\/sq9tla.pzk.pl\/index.php\/wp-json\/wp\/v2\/pages\/66\/revisions"}],"predecessor-version":[{"id":236,"href":"https:\/\/sq9tla.pzk.pl\/index.php\/wp-json\/wp\/v2\/pages\/66\/revisions\/236"}],"wp:attachment":[{"href":"https:\/\/sq9tla.pzk.pl\/index.php\/wp-json\/wp\/v2\/media?parent=66"}],"curies":[{"name":"wp","href":"https:\/\/api.w.org\/{rel}","templated":true}]}}